{"id":149,"date":"2025-01-20T10:02:35","date_gmt":"2025-01-20T13:02:35","guid":{"rendered":"http:\/\/realtaxcanada.com\/?page_id=149"},"modified":"2025-03-14T16:46:43","modified_gmt":"2025-03-14T19:46:43","slug":"politica-de-privacidade","status":"publish","type":"page","link":"https:\/\/realtaxcanada.com\/zh\/\u9690\u79c1\u653f\u7b56\/","title":{"rendered":"Pol\u00edtica de privacidade"},"content":{"rendered":"<div data-elementor-type=\"wp-page\" data-elementor-id=\"149\" class=\"elementor elementor-149\" data-elementor-post-type=\"page\">\n\t\t\t\t<div class=\"elementor-element elementor-element-7b0c71c div-clamp e-flex e-con-boxed e-con e-parent\" data-id=\"7b0c71c\" data-element_type=\"container\">\n\t\t\t\t\t<div class=\"e-con-inner\">\n\t\t\t\t<div class=\"elementor-element elementor-element-79b297e elementor-widget__width-initial elementor-widget-laptop__width-initial elementor-widget elementor-widget-heading\" data-id=\"79b297e\" data-element_type=\"widget\" data-widget_type=\"heading.default\">\n\t\t\t\t<div class=\"elementor-widget-container\">\n\t\t\t\t\t<h1 class=\"elementor-heading-title elementor-size-default\">POL\u00cdTICA DE PRIVACIDADE \nREAL TAX CANADA\u200b<\/h1>\t\t\t\t<\/div>\n\t\t\t\t<\/div>\n\t\t\t\t<div class=\"elementor-element elementor-element-764deea elementor-widget elementor-widget-text-editor\" data-id=\"764deea\" data-element_type=\"widget\" data-widget_type=\"text-editor.default\">\n\t\t\t\t<div class=\"elementor-widget-container\">\n\t\t\t\t\t\t\t\t\t<p><b>Data de Vig\u00eancia: 14\/03\/2025<\/b><\/p>\t\t\t\t\t\t\t\t<\/div>\n\t\t\t\t<\/div>\n\t\t\t\t<div class=\"elementor-element elementor-element-415a8523 elementor-widget elementor-widget-text-editor\" data-id=\"415a8523\" data-element_type=\"widget\" data-widget_type=\"text-editor.default\">\n\t\t\t\t<div class=\"elementor-widget-container\">\n\t\t\t\t\t\t\t\t\t<h4><b>1. INTRODU\u00c7\u00c3O<\/b><\/h4><p class=\"translation-block\"><span style=\"font-weight: 400;\">A Real Tax Canada (\u201cEmpresa\u201d, \u201cn\u00f3s\u201d, \u201cnosso\u201d) est\u00e1 comprometida em proteger a privacidade e a seguran\u00e7a dos dados de nossos clientes. Como uma empresa de contabilidade com sede na Col\u00fambia Brit\u00e2nica, Canad\u00e1, garantimos que nossas pr\u00e1ticas de tratamento de dados estejam em conformidade com as principais regulamenta\u00e7\u00f5es globais de privacidade, incluindo a <\/span><b>Lei de Prote\u00e7\u00e3o de Informa\u00e7\u00f5es Pessoais (PIPA) da Col\u00fambia Brit\u00e2nica, a Lei de Prote\u00e7\u00e3o de Informa\u00e7\u00f5es Pessoais e Documentos Eletr\u00f4nicos (PIPEDA) do Canad\u00e1, a Lei Geral de Prote\u00e7\u00e3o de Dados (LGPD) do Brasil e o Regulamento Geral sobre a Prote\u00e7\u00e3o de Dados (GDPR) da Uni\u00e3o Europeia<\/b><span style=\"font-weight: 400;\">.<\/span><\/p><p>\u00a0<\/p><p><span style=\"font-weight: 400;\">Esta Pol\u00edtica de Privacidade explica como coletamos, utilizamos, armazenamos, compartilhamos e protegemos os dados pessoais, garantindo conformidade legal e minimizando riscos para a Empresa.<\/span><\/p><p>\u00a0<\/p><p class=\"translation-block\"><span style=\"font-weight: 400;\">Para a gest\u00e3o de consentimento, utilizamos a <\/span><b>Plataforma de Gest\u00e3o de Consentimento AdOpt<\/b><span style=\"font-weight: 400;\">, que permite aos usu\u00e1rios revisar e gerenciar suas prefer\u00eancias de dados de forma transparente. Para mais detalhes, visite:<\/span><\/p><ul><li style=\"font-weight: 400;\" aria-level=\"1\"><a href=\"https:\/\/goadopt.io\/blog\/funcionamento-aviso-de-cookies\/\"><b>Como Funciona um Aviso de Cookies<\/b><\/a><\/li><li style=\"font-weight: 400;\" aria-level=\"1\"><a href=\"https:\/\/goadopt.io\/politica-de-privacidade\"><b>Pol\u00edtica de Privacidade da AdOpt<\/b><\/a><\/li><\/ul><h3>\u00a0<\/h3><h4><b>2. DADOS COLETADOS<\/b><\/h4><p><span style=\"font-weight: 400;\">Coletamos e processamos os seguintes dados pessoais de clientes e visitantes do site:<\/span><\/p><ul><li style=\"font-weight: 400;\" aria-level=\"1\"><b>Informa\u00e7\u00f5es de Identifica\u00e7\u00e3o:<\/b><span style=\"font-weight: 400;\"> Nome completo, e-mail, telefone, endere\u00e7o, data de nascimento e documentos oficiais (ex.: passaporte, CPF, SIN).<\/span><\/li><li style=\"font-weight: 400;\" aria-level=\"1\"><b>Informa\u00e7\u00f5es Financeiras:<\/b><span style=\"font-weight: 400;\"> Dados banc\u00e1rios, transa\u00e7\u00f5es financeiras, hist\u00f3rico de cr\u00e9dito, renda e declara\u00e7\u00f5es fiscais.<\/span><\/li><li style=\"font-weight: 400;\" aria-level=\"1\"><b>Dados Eletr\u00f4nicos:<\/b><span style=\"font-weight: 400;\"> Endere\u00e7o IP, localiza\u00e7\u00e3o geogr\u00e1fica, dispositivo utilizado, navegador, registros de acesso, cookies e comportamento no site.<\/span><\/li><li style=\"font-weight: 400;\" aria-level=\"1\"><b>Dados Profissionais:<\/b><span style=\"font-weight: 400;\"> Informa\u00e7\u00f5es de emprego, ganhos e hist\u00f3rico profissional para fins fiscais e cont\u00e1beis.<\/span><\/li><li style=\"font-weight: 400;\" aria-level=\"1\"><b>Hist\u00f3rico de Comunica\u00e7\u00e3o:<\/b><span style=\"font-weight: 400;\"> Registros de e-mails, intera\u00e7\u00f5es com o servi\u00e7o de atendimento ao cliente e conversas com nossa equipe.<\/span><\/li><\/ul><p class=\"translation-block\"><span style=\"font-weight: 400;\">Garantimos que a coleta de dados seja <\/span><b>limitada ao estritamente necess\u00e1rio<\/b><span style=\"font-weight: 400;\"> para nossas opera\u00e7\u00f5es comerciais e conformidade legal.<\/span><\/p><p>\u00a0<\/p><h4><b>3. FINALIDADE DO PROCESSAMENTO DE DADOS<\/b><\/h4><p><span style=\"font-weight: 400;\">Os dados pessoais s\u00e3o coletados e processados com base nos seguintes fundamentos legais:<\/span><\/p><ul><li style=\"font-weight: 400;\" aria-level=\"1\"><b>Execu\u00e7\u00e3o de Contrato:<\/b><span style=\"font-weight: 400;\"> Presta\u00e7\u00e3o de servi\u00e7os cont\u00e1beis e fiscais, gerenciamento de contas, processamento de transa\u00e7\u00f5es e cumprimento de obriga\u00e7\u00f5es regulat\u00f3rias.<\/span><\/li><li style=\"font-weight: 400;\" aria-level=\"1\"><b>Consentimento:<\/b><span style=\"font-weight: 400;\"> Envio de comunica\u00e7\u00f5es de marketing e materiais promocionais somente com autoriza\u00e7\u00e3o expl\u00edcita do cliente.<\/span><\/li><li style=\"font-weight: 400;\" aria-level=\"1\"><b>Interesse Leg\u00edtimo:<\/b><span style=\"font-weight: 400;\"> Melhoria cont\u00ednua dos servi\u00e7os, monitoramento de seguran\u00e7a, preven\u00e7\u00e3o a fraudes e an\u00e1lises comerciais.<\/span><\/li><li style=\"font-weight: 400;\" aria-level=\"1\"><b>Conformidade Legal:<\/b><span style=\"font-weight: 400;\"> Cumprimento de exig\u00eancias fiscais, financeiras e regulat\u00f3rias no Canad\u00e1, Brasil e outras jurisdi\u00e7\u00f5es aplic\u00e1veis.<\/span><\/li><\/ul><p class=\"translation-block\"><span style=\"font-weight: 400;\">N\u00e3o processamos <\/span><b>dados sens\u00edveis<\/b><span style=\"font-weight: 400;\">, a menos que seja <\/span><b>estritamente necess\u00e1rio<\/b><span style=\"font-weight: 400;\"> e com <\/span><b>consentimento expl\u00edcito<\/b><span style=\"font-weight: 400;\"> do titular dos dados.<\/span><\/p><p>\u00a0<\/p><h4><b>4. COMPARTILHAMENTO DE DADOS<\/b><\/h4><p class=\"translation-block\"><span style=\"font-weight: 400;\">Implementamos <\/span><b>protocolos rigorosos de compartilhamento de dados<\/b><span style=\"font-weight: 400;\"> e podemos compartilhar informa\u00e7\u00f5es pessoais com:<\/span><\/p><ul><li style=\"font-weight: 400;\" aria-level=\"1\" class=\"translation-block\"><b>Prestadores de Servi\u00e7os:<\/b><span style=\"font-weight: 400;\"> Terceiros que auxiliam na execu\u00e7\u00e3o de servi\u00e7os, sob <\/span><b>acordos estritos de confidencialidade<\/b><span style=\"font-weight: 400;\">.<\/span><\/li><li style=\"font-weight: 400;\" aria-level=\"1\" class=\"translation-block\"><b>\u00d3rg\u00e3os Governamentais:<\/b><span style=\"font-weight: 400;\"> Receita do Canad\u00e1 (CRA), Receita Federal do Brasil e outras autoridades regulat\u00f3rias conforme exigido por lei.<\/span><\/li><li style=\"font-weight: 400;\" aria-level=\"1\" class=\"translation-block\"><b>Institui\u00e7\u00f5es Financeiras:<\/b><span style=\"font-weight: 400;\"> Bancos e processadores de pagamento para facilitar transa\u00e7\u00f5es financeiras.<\/span><\/li><li style=\"font-weight: 400;\" aria-level=\"1\" class=\"translation-block\"><b>Plataformas de Seguran\u00e7a e An\u00e1lise:<\/b><span style=\"font-weight: 400;\"> Sistemas de preven\u00e7\u00e3o a fraudes e monitoramento cibern\u00e9tico.<\/span><\/li><\/ul><p class=\"translation-block\"><span style=\"font-weight: 400;\">Todo acesso por terceiros \u00e9 <\/span><b>regulamentado por acordos de prote\u00e7\u00e3o de dados<\/b><span style=\"font-weight: 400;\">, garantindo conformidade com as leis de privacidade aplic\u00e1veis.<\/span><\/p><p>\u00a0<\/p><h4><b>5. RETEN\u00c7\u00c3O E SEGURAN\u00c7A DOS DADOS<\/b><\/h4><p class=\"translation-block\"><span style=\"font-weight: 400;\">Adotamos <\/span><b>medidas de seguran\u00e7a l\u00edderes do setor<\/b><span style=\"font-weight: 400;\">, incluindo:<\/span><\/p><ul><li style=\"font-weight: 400;\" aria-level=\"1\" class=\"translation-block\"><b>Criptografia de Dados:<\/b><span style=\"font-weight: 400;\"> Todos os dados s\u00e3o <\/span><b>criptografados<\/b><span style=\"font-weight: 400;\"> em repouso e em tr\u00e2nsito.<\/span><\/li><li style=\"font-weight: 400;\" aria-level=\"1\" class=\"translation-block\"><b>Controles de Acesso:<\/b> <b>Autentica\u00e7\u00e3o multifator<\/b><span style=\"font-weight: 400;\"> e <\/span><b>controle de acesso baseado em fun\u00e7\u00f5es (RBAC)<\/b><span style=\"font-weight: 400;\"> para restringir acessos n\u00e3o autorizados.<\/span><\/li><li style=\"font-weight: 400;\" aria-level=\"1\" class=\"translation-block\"><b>Monitoramento de Amea\u00e7as:<\/b><span style=\"font-weight: 400;\"> Avalia\u00e7\u00f5es cont\u00ednuas de seguran\u00e7a e sistemas automatizados de <\/span><b>detec\u00e7\u00e3o de amea\u00e7as<\/b><span style=\"font-weight: 400;\">.<\/span><\/li><li style=\"font-weight: 400;\" aria-level=\"1\" class=\"translation-block\"><b>Pol\u00edticas de Reten\u00e7\u00e3o de Dados:<\/b><span style=\"font-weight: 400;\"> Armazenamento seguro e <\/span><b>exclus\u00e3o oportuna<\/b><span style=\"font-weight: 400;\"> dos dados pessoais, conforme regulamenta\u00e7\u00f5es do Canad\u00e1, Brasil e normas internacionais.<\/span><\/li><\/ul><h4>\u00a0<\/h4><h4><b>6. DIREITOS DOS USU\u00c1RIOS<\/b><\/h4><p><span style=\"font-weight: 400;\">Os clientes possuem os seguintes direitos em rela\u00e7\u00e3o aos seus dados pessoais:<\/span><\/p><ul><li style=\"font-weight: 400;\" aria-level=\"1\"><b>Acesso:<\/b><span style=\"font-weight: 400;\"> Solicitar uma c\u00f3pia dos dados armazenados.<\/span><\/li><li style=\"font-weight: 400;\" aria-level=\"1\"><b>Corre\u00e7\u00e3o:<\/b><span style=\"font-weight: 400;\"> Atualizar informa\u00e7\u00f5es incorretas ou desatualizadas.<\/span><\/li><li style=\"font-weight: 400;\" aria-level=\"1\"><b>Exclus\u00e3o:<\/b><span style=\"font-weight: 400;\"> Requerer a exclus\u00e3o dos dados quando legalmente permitido.<\/span><\/li><li style=\"font-weight: 400;\" aria-level=\"1\"><b>Revoga\u00e7\u00e3o do Consentimento:<\/b><span style=\"font-weight: 400;\"> Retirar um consentimento previamente concedido.<\/span><\/li><li style=\"font-weight: 400;\" aria-level=\"1\"><b>Portabilidade de Dados:<\/b><span style=\"font-weight: 400;\"> Solicitar uma c\u00f3pia estruturada e leg\u00edvel dos dados.<\/span><\/li><li style=\"font-weight: 400;\" aria-level=\"1\"><b>Oposi\u00e7\u00e3o ao Processamento:<\/b><span style=\"font-weight: 400;\"> Contestar certos usos dos dados, quando aplic\u00e1vel.<\/span><\/li><\/ul><p><span style=\"font-weight: 400;\">Para exercer esses direitos, entre em contato pelo e-mail: <\/span><b>info@realtaxcanada.com<\/b><span style=\"font-weight: 400;\">.<\/span><\/p><p>\u00a0<\/p><h4><b>7. COOKIES E TECNOLOGIAS DE RASTREAMENTO<\/b><\/h4><p class=\"translation-block\"><span style=\"font-weight: 400;\">Para mais informa\u00e7\u00f5es sobre cookies e tecnologias de rastreamento, consulte nossa <\/span><b>Pol\u00edtica de Cookies<\/b><span style=\"font-weight: 400;\">.<\/span><\/p><p class=\"translation-block\"><span style=\"font-weight: 400;\">Utilizamos a <\/span><b>Plataforma de Gest\u00e3o de Consentimento AdOpt<\/b><span style=\"font-weight: 400;\"> para gerenciar prefer\u00eancias de usu\u00e1rios e garantir conformidade com as leis de prote\u00e7\u00e3o de dados.<\/span><\/p>\t\t\t\t\t\t\t\t<\/div>\n\t\t\t\t<\/div>\n\t\t\t\t\t<\/div>\n\t\t\t\t<\/div>\n\t\t<div class=\"elementor-element elementor-element-239bd4b div-clamp e-flex e-con-boxed e-con e-parent\" data-id=\"239bd4b\" data-element_type=\"container\">\n\t\t\t\t\t<div class=\"e-con-inner\">\n\t\t\t\t<div class=\"elementor-element elementor-element-303422e elementor-widget__width-initial elementor-widget-laptop__width-initial elementor-widget elementor-widget-heading\" data-id=\"303422e\" data-element_type=\"widget\" data-widget_type=\"heading.default\">\n\t\t\t\t<div class=\"elementor-widget-container\">\n\t\t\t\t\t<h1 class=\"elementor-heading-title elementor-size-default\">POL\u00cdTICA DE COOKIES REAL TAX CANADA\u200b<\/h1>\t\t\t\t<\/div>\n\t\t\t\t<\/div>\n\t\t\t\t<div class=\"elementor-element elementor-element-3a592a5 elementor-widget elementor-widget-text-editor\" data-id=\"3a592a5\" data-element_type=\"widget\" data-widget_type=\"text-editor.default\">\n\t\t\t\t<div class=\"elementor-widget-container\">\n\t\t\t\t\t\t\t\t\t<p><b>Data de Vig\u00eancia: 14\/03\/2025<\/b><\/p>\t\t\t\t\t\t\t\t<\/div>\n\t\t\t\t<\/div>\n\t\t\t\t<div class=\"elementor-element elementor-element-492c4a8 elementor-widget elementor-widget-text-editor\" data-id=\"492c4a8\" data-element_type=\"widget\" data-widget_type=\"text-editor.default\">\n\t\t\t\t<div class=\"elementor-widget-container\">\n\t\t\t\t\t\t\t\t\t<h4><b>1. INTRODU\u00c7\u00c3O<\/b><\/h4><p class=\"translation-block\"><span style=\"font-weight: 400;\">Esta <\/span><b>Pol\u00edtica de Cookies<\/b><span style=\"font-weight: 400;\"> explica como a Real Tax Canada utiliza cookies e tecnologias similares para <\/span><b>melhorar a experi\u00eancia do usu\u00e1rio<\/b><span style=\"font-weight: 400;\">, garantir conformidade e <\/span><b>analisar o desempenho do site<\/b><span style=\"font-weight: 400;\">. Esta pol\u00edtica est\u00e1 alinhada com a <\/span><b>PIPA, PIPEDA, LGPD e GDPR<\/b><span style=\"font-weight: 400;\">.<\/span><\/p><p class=\"translation-block\"><span style=\"font-weight: 400;\">Para gerenciamento de consentimento, utilizamos a <\/span><b>Plataforma de Gest\u00e3o de Consentimento AdOpt<\/b><span style=\"font-weight: 400;\">, garantindo que os usu\u00e1rios forne\u00e7am consentimento expl\u00edcito e informado. Para mais detalhes, visite:<\/span><\/p><ul><li style=\"font-weight: 400;\" aria-level=\"1\"><a href=\"https:\/\/goadopt.io\/politica-de-privacidade\/\"><b>Pol\u00edtica de Privacidade da AdOpt<\/b><\/a><\/li><\/ul><h4>\u00a0<\/h4><h4><b>2. O QUE S\u00c3O COOKIES?<\/b><\/h4><p class=\"translation-block\"><span style=\"font-weight: 400;\">Cookies s\u00e3o pequenos arquivos de texto armazenados no dispositivo do usu\u00e1rio que ajudam os sites a reter <\/span><b>prefer\u00eancias e atividades dos visitantes<\/b><span style=\"font-weight: 400;\">. Utilizamos:<\/span><\/p><ul><li style=\"font-weight: 400;\" aria-level=\"1\"><b>Cookies Essenciais:<\/b><span style=\"font-weight: 400;\"> Necess\u00e1rios para o funcionamento b\u00e1sico do site.<\/span><\/li><li style=\"font-weight: 400;\" aria-level=\"1\"><b>Cookies de Desempenho:<\/b><span style=\"font-weight: 400;\"> Monitoram intera\u00e7\u00f5es dos visitantes para melhorar a experi\u00eancia do usu\u00e1rio.<\/span><\/li><li style=\"font-weight: 400;\" aria-level=\"1\"><b>Cookies Funcionais:<\/b><span style=\"font-weight: 400;\"> Permitem funcionalidades adicionais, como salvar prefer\u00eancias.<\/span><\/li><li style=\"font-weight: 400;\" aria-level=\"1\"><b>Cookies de Marketing:<\/b><span style=\"font-weight: 400;\"> Direcionam publicidade personalizada com base no comportamento do usu\u00e1rio.<\/span><\/li><\/ul><h4>\u00a0<\/h4><h4><b>3. GERENCIAMENTO DE COOKIES E CONSENTIMENTO<\/b><\/h4><p><span style=\"font-weight: 400;\">Os usu\u00e1rios podem:<\/span><\/p><ul><li style=\"font-weight: 400;\" aria-level=\"1\"><b>Modificar as configura\u00e7\u00f5es do navegador<\/b><span style=\"font-weight: 400;\"> para bloquear ou excluir cookies.<\/span><\/li><li style=\"font-weight: 400;\" aria-level=\"1\"><b>Utilizar nossa ferramenta de consentimento de cookies<\/b><span style=\"font-weight: 400;\"> fornecida pela AdOpt para gerenciar prefer\u00eancias:<\/span><ul><li style=\"font-weight: 400;\" aria-level=\"2\"><a href=\"https:\/\/goadopt.io\/blog\/funcionamento-aviso-de-cookies\/\"><b>Configura\u00e7\u00f5es de Cookies<\/b><\/a><\/li><li style=\"font-weight: 400;\" aria-level=\"2\"><a href=\"https:\/\/goadopt.io\/politica-de-privacidade\/\"><b>Pol\u00edtica de Privacidade da AdOpt<\/b><\/a><\/li><\/ul><\/li><\/ul><p><b>Bloquear alguns cookies pode afetar a funcionalidade do site.<\/b><\/p><h4>\u00a0<\/h4><h4><b>4. TIPOS DE COOKIES QUE UTILIZAMOS<\/b><\/h4><p><span style=\"font-weight: 400;\">Abaixo est\u00e1 uma tabela com os tipos de cookies utilizados em nosso site:<\/span><span style=\"font-weight: 400;\"><br \/><br \/><\/span><\/p><p>\u00a0<\/p><h4>\u00a0<\/h4><h4><b>5. ALTERA\u00c7\u00d5ES NESTA POL\u00cdTICA<\/b><\/h4><p class=\"translation-block\"><span style=\"font-weight: 400;\">Quaisquer <\/span><b>atualiza\u00e7\u00f5es<\/b><span style=\"font-weight: 400;\"> ser\u00e3o publicadas em nosso site, e os usu\u00e1rios ser\u00e3o <\/span><b>notificados em caso de mudan\u00e7as significativas<\/b><span style=\"font-weight: 400;\">.<\/span><\/p><h3>\u00a0<\/h3><h4><b>6. INFORMA\u00c7\u00d5ES DE CONTATO<\/b><\/h4><p><span style=\"font-weight: 400;\">Para d\u00favidas sobre esta pol\u00edtica, entre em contato:<\/span><\/p><p><b>E-mail:<\/b><span style=\"font-weight: 400;\"> info@realtaxcanada.com<\/span><span style=\"font-weight: 400;\"><br \/><\/span><b>Website:<\/b><a href=\"https:\/\/realtaxcanada.com\/zh\/\"> <span style=\"font-weight: 400;\">www.realtaxcanada.com<\/span><\/a><\/p>\t\t\t\t\t\t\t\t<\/div>\n\t\t\t\t<\/div>\n\t\t\t\t\t<\/div>\n\t\t\t\t<\/div>\n\t\t\t\t<\/div>","protected":false},"excerpt":{"rendered":"<p>POL\u00cdTICA DE PRIVACIDADE REAL TAX CANADA\u200b Data de Vig\u00eancia: 14\/03\/2025 1. INTRODU\u00c7\u00c3O A Real Tax Canada (&#8220;Empresa&#8221;, &#8220;n\u00f3s&#8221;, &#8220;nosso&#8221;) est\u00e1 comprometida em proteger a privacidade e a seguran\u00e7a dos dados de nossos clientes. Como uma empresa de contabilidade com sede na Col\u00fambia Brit\u00e2nica, Canad\u00e1, garantimos que nossas pr\u00e1ticas de tratamento de dados estejam em conformidade [&hellip;]<\/p>","protected":false},"author":2,"featured_media":0,"parent":0,"menu_order":0,"comment_status":"closed","ping_status":"closed","template":"","meta":{"footnotes":""},"class_list":["post-149","page","type-page","status-publish","hentry"],"yoast_head":"<!-- This site is optimized with the Yoast SEO plugin v24.7 - https:\/\/yoast.com\/wordpress\/plugins\/seo\/ -->\n<title>Pol\u00edtica de privacidade | Real Tax Canada<\/title>\n<meta name=\"robots\" content=\"index, follow, max-snippet:-1, max-image-preview:large, max-video-preview:-1\" \/>\n<link rel=\"canonical\" href=\"https:\/\/realtaxcanada.com\/zh\/privacy-policy\/\" \/>\n<meta property=\"og:locale\" content=\"zh_CN\" \/>\n<meta property=\"og:type\" content=\"article\" \/>\n<meta property=\"og:title\" content=\"Pol\u00edtica de privacidade | Real Tax Canada\" \/>\n<meta property=\"og:description\" content=\"POL\u00cdTICA DE PRIVACIDADE REAL TAX CANADA\u200b Data de Vig\u00eancia: 14\/03\/2025 1. INTRODU\u00c7\u00c3O A Real Tax Canada (&#8220;Empresa&#8221;, &#8220;n\u00f3s&#8221;, &#8220;nosso&#8221;) est\u00e1 comprometida em proteger a privacidade e a seguran\u00e7a dos dados de nossos clientes. Como uma empresa de contabilidade com sede na Col\u00fambia Brit\u00e2nica, Canad\u00e1, garantimos que nossas pr\u00e1ticas de tratamento de dados estejam em conformidade [&hellip;]\" \/>\n<meta property=\"og:url\" content=\"https:\/\/realtaxcanada.com\/zh\/privacy-policy\/\" \/>\n<meta property=\"og:site_name\" content=\"Real Tax Canada\" \/>\n<meta property=\"article:modified_time\" content=\"2025-03-14T19:46:43+00:00\" \/>\n<meta name=\"twitter:card\" content=\"summary_large_image\" \/>\n<meta name=\"twitter:label1\" content=\"\u9884\u8ba1\u9605\u8bfb\u65f6\u95f4\" \/>\n\t<meta name=\"twitter:data1\" content=\"6 \u5206\" \/>\n<script type=\"application\/ld+json\" class=\"yoast-schema-graph\">{\"@context\":\"https:\/\/schema.org\",\"@graph\":[{\"@type\":\"WebPage\",\"@id\":\"https:\/\/realtaxcanada.com\/en_ca\/privacy-policy\/\",\"url\":\"https:\/\/realtaxcanada.com\/en_ca\/privacy-policy\/\",\"name\":\"Pol\u00edtica de privacidade | Real Tax Canada\",\"isPartOf\":{\"@id\":\"https:\/\/realtaxcanada.com\/#website\"},\"datePublished\":\"2025-01-20T13:02:35+00:00\",\"dateModified\":\"2025-03-14T19:46:43+00:00\",\"breadcrumb\":{\"@id\":\"https:\/\/realtaxcanada.com\/en_ca\/privacy-policy\/#breadcrumb\"},\"inLanguage\":\"zh-Hans\",\"potentialAction\":[{\"@type\":\"ReadAction\",\"target\":[\"https:\/\/realtaxcanada.com\/en_ca\/privacy-policy\/\"]}]},{\"@type\":\"BreadcrumbList\",\"@id\":\"https:\/\/realtaxcanada.com\/en_ca\/privacy-policy\/#breadcrumb\",\"itemListElement\":[{\"@type\":\"ListItem\",\"position\":1,\"name\":\"In\u00edcio\",\"item\":\"https:\/\/realtaxcanada.com\/\"},{\"@type\":\"ListItem\",\"position\":2,\"name\":\"Pol\u00edtica de privacidade\"}]},{\"@type\":\"WebSite\",\"@id\":\"https:\/\/realtaxcanada.com\/#website\",\"url\":\"https:\/\/realtaxcanada.com\/\",\"name\":\"Real Tax Canad\u00e1\",\"description\":\"\",\"potentialAction\":[{\"@type\":\"SearchAction\",\"target\":{\"@type\":\"EntryPoint\",\"urlTemplate\":\"https:\/\/realtaxcanada.com\/?s={search_term_string}\"},\"query-input\":{\"@type\":\"PropertyValueSpecification\",\"valueRequired\":true,\"valueName\":\"search_term_string\"}}],\"inLanguage\":\"zh-Hans\"}]}<\/script>\n<!-- \/ Yoast SEO plugin. -->","yoast_head_json":{"title":"Pol\u00edtica de privacidade | Real Tax Canada","robots":{"index":"index","follow":"follow","max-snippet":"max-snippet:-1","max-image-preview":"max-image-preview:large","max-video-preview":"max-video-preview:-1"},"canonical":"https:\/\/realtaxcanada.com\/zh\/privacy-policy\/","og_locale":"zh_CN","og_type":"article","og_title":"Pol\u00edtica de privacidade | Real Tax Canada","og_description":"POL\u00cdTICA DE PRIVACIDADE REAL TAX CANADA\u200b Data de Vig\u00eancia: 14\/03\/2025 1. INTRODU\u00c7\u00c3O A Real Tax Canada (&#8220;Empresa&#8221;, &#8220;n\u00f3s&#8221;, &#8220;nosso&#8221;) est\u00e1 comprometida em proteger a privacidade e a seguran\u00e7a dos dados de nossos clientes. Como uma empresa de contabilidade com sede na Col\u00fambia Brit\u00e2nica, Canad\u00e1, garantimos que nossas pr\u00e1ticas de tratamento de dados estejam em conformidade [&hellip;]","og_url":"https:\/\/realtaxcanada.com\/zh\/privacy-policy\/","og_site_name":"Real Tax Canada","article_modified_time":"2025-03-14T19:46:43+00:00","twitter_card":"summary_large_image","twitter_misc":{"\u9884\u8ba1\u9605\u8bfb\u65f6\u95f4":"6 \u5206"},"schema":{"@context":"https:\/\/schema.org","@graph":[{"@type":"WebPage","@id":"https:\/\/realtaxcanada.com\/en_ca\/privacy-policy\/","url":"https:\/\/realtaxcanada.com\/en_ca\/privacy-policy\/","name":"Pol\u00edtica de privacidade | Real Tax Canada","isPartOf":{"@id":"https:\/\/realtaxcanada.com\/#website"},"datePublished":"2025-01-20T13:02:35+00:00","dateModified":"2025-03-14T19:46:43+00:00","breadcrumb":{"@id":"https:\/\/realtaxcanada.com\/en_ca\/privacy-policy\/#breadcrumb"},"inLanguage":"zh-Hans","potentialAction":[{"@type":"ReadAction","target":["https:\/\/realtaxcanada.com\/en_ca\/privacy-policy\/"]}]},{"@type":"BreadcrumbList","@id":"https:\/\/realtaxcanada.com\/en_ca\/privacy-policy\/#breadcrumb","itemListElement":[{"@type":"ListItem","position":1,"name":"In\u00edcio","item":"https:\/\/realtaxcanada.com\/"},{"@type":"ListItem","position":2,"name":"Pol\u00edtica de privacidade"}]},{"@type":"WebSite","@id":"https:\/\/realtaxcanada.com\/#website","url":"https:\/\/realtaxcanada.com\/","name":"Real Tax Canad\u00e1","description":"","potentialAction":[{"@type":"SearchAction","target":{"@type":"EntryPoint","urlTemplate":"https:\/\/realtaxcanada.com\/?s={search_term_string}"},"query-input":{"@type":"PropertyValueSpecification","valueRequired":true,"valueName":"search_term_string"}}],"inLanguage":"zh-Hans"}]}},"_links":{"self":[{"href":"https:\/\/realtaxcanada.com\/zh\/wp-json\/wp\/v2\/pages\/149","targetHints":{"allow":["GET"]}}],"collection":[{"href":"https:\/\/realtaxcanada.com\/zh\/wp-json\/wp\/v2\/pages"}],"about":[{"href":"https:\/\/realtaxcanada.com\/zh\/wp-json\/wp\/v2\/types\/page"}],"author":[{"embeddable":true,"href":"https:\/\/realtaxcanada.com\/zh\/wp-json\/wp\/v2\/users\/2"}],"replies":[{"embeddable":true,"href":"https:\/\/realtaxcanada.com\/zh\/wp-json\/wp\/v2\/comments?post=149"}],"version-history":[{"count":12,"href":"https:\/\/realtaxcanada.com\/zh\/wp-json\/wp\/v2\/pages\/149\/revisions"}],"predecessor-version":[{"id":2904,"href":"https:\/\/realtaxcanada.com\/zh\/wp-json\/wp\/v2\/pages\/149\/revisions\/2904"}],"wp:attachment":[{"href":"https:\/\/realtaxcanada.com\/zh\/wp-json\/wp\/v2\/media?parent=149"}],"curies":[{"name":"wp","href":"https:\/\/api.w.org\/{rel}","templated":true}]}}